{"id":262,"date":"2025-06-16T01:08:07","date_gmt":"2025-06-16T01:08:07","guid":{"rendered":"https:\/\/srv1017170.hstgr.cloud\/?page_id=262"},"modified":"2025-10-20T22:14:25","modified_gmt":"2025-10-20T22:14:25","slug":"coordenacao","status":"publish","type":"page","link":"https:\/\/leici.fca.unicamp.br\/es\/coordinacion\/","title":{"rendered":"Coordinaci\u00f3n"},"content":{"rendered":"<div data-elementor-type=\"wp-page\" data-elementor-id=\"262\" class=\"elementor elementor-262\" data-elementor-post-type=\"page\">\n\t\t\t\t\t\t<section class=\"elementor-section elementor-top-section elementor-element elementor-element-47199652 elementor-section-stretched elementor-section-boxed elementor-section-height-default elementor-section-height-default tf-sticky-no tf-sticky-scroll-down-yes\" data-id=\"47199652\" data-element_type=\"section\" data-settings=\"{&quot;background_background&quot;:&quot;classic&quot;,&quot;stretch_section&quot;:&quot;section-stretched&quot;,&quot;tf_sticky&quot;:&quot;no&quot;,&quot;tf_sticky_scroll_down&quot;:&quot;yes&quot;}\">\n\t\t\t\t\t\t<div class=\"elementor-container elementor-column-gap-no\">\n\t\t\t\t\t<div class=\"elementor-column elementor-col-100 elementor-top-column elementor-element elementor-element-104e0ade\" data-id=\"104e0ade\" data-element_type=\"column\">\n\t\t\t<div class=\"elementor-widget-wrap elementor-element-populated\">\n\t\t\t\t\t\t<section class=\"elementor-section elementor-inner-section elementor-element elementor-element-76ba151c elementor-section-boxed elementor-section-height-default elementor-section-height-default tf-sticky-no tf-sticky-scroll-down-yes\" data-id=\"76ba151c\" data-element_type=\"section\" data-settings=\"{&quot;tf_sticky&quot;:&quot;no&quot;,&quot;tf_sticky_scroll_down&quot;:&quot;yes&quot;}\">\n\t\t\t\t\t\t<div class=\"elementor-container elementor-column-gap-extended\">\n\t\t\t\t\t<div class=\"elementor-column elementor-col-33 elementor-inner-column elementor-element elementor-element-15b00884\" data-id=\"15b00884\" data-element_type=\"column\">\n\t\t\t<div class=\"elementor-widget-wrap elementor-element-populated\">\n\t\t\t\t\t\t<div class=\"elementor-element elementor-element-5b46fc30 elementor-widget elementor-widget-heading\" data-id=\"5b46fc30\" data-element_type=\"widget\" data-widget_type=\"heading.default\">\n\t\t\t\t<div class=\"elementor-widget-container\">\n\t\t\t\t\t<h2 class=\"elementor-heading-title elementor-size-default\">Coordinaci\u00f3n LEICI<\/h2>\t\t\t\t<\/div>\n\t\t\t\t<\/div>\n\t\t\t\t<div class=\"elementor-element elementor-element-78293f64 elementor-widget elementor-widget-text-editor\" data-id=\"78293f64\" data-element_type=\"widget\" data-widget_type=\"text-editor.default\">\n\t\t\t\t<div class=\"elementor-widget-container\">\n\t\t\t\t\t\t\t\t\t<p><span style=\"font-weight: 400;\">Dirigido por profesores <\/span><b>Cristiano Morini y Edmundo In\u00e1cio J\u00fanior<\/b><span style=\"font-weight: 400;\">, o <\/span><b>LEICI<\/b><span style=\"font-weight: 400;\"> se consolida como un entorno de e<\/span><b>xcelencia en investigaci\u00f3n e innovaci\u00f3n<\/b><span style=\"font-weight: 400;\">. Con una vasta <\/span><b>experiencia acad\u00e9mica y de mercado<\/b><span style=\"font-weight: 400;\">Tutelan a los estudiantes, supervisan los proyectos y refuerzan las asociaciones entre la universidad, las empresas y las instituciones.\u00a0\u00a0<\/span><\/p><p><span style=\"font-weight: 400;\">Su rendimiento <\/span><b>garantiza que el laboratorio cumpla su misi\u00f3n de transformar los conocimientos cient\u00edficos en soluciones pr\u00e1cticas<\/b><span style=\"font-weight: 400;\">Tambi\u00e9n ofrece formaci\u00f3n a profesionales preparados para los retos de la iniciativa empresarial y el comercio internacional.\u00a0\u00a0<\/span><\/p><p><span style=\"font-weight: 400;\">&#8220;<\/span><b>Creemos en el poder de la innovaci\u00f3n y la educaci\u00f3n para impulsar las empresas y transformar la sociedad\".<\/b><span style=\"font-weight: 400;\">\u00a0\u00a0<\/span><\/p>\t\t\t\t\t\t\t\t<\/div>\n\t\t\t\t<\/div>\n\t\t\t\t\t<\/div>\n\t\t<\/div>\n\t\t\t\t<div class=\"elementor-column elementor-col-33 elementor-inner-column elementor-element elementor-element-30d0c11\" data-id=\"30d0c11\" data-element_type=\"column\">\n\t\t\t<div class=\"elementor-widget-wrap elementor-element-populated\">\n\t\t\t\t\t\t<div class=\"elementor-element elementor-element-545f60bd elementor-widget__width-inherit elementor-widget elementor-widget-tfteam\" data-id=\"545f60bd\" data-element_type=\"widget\" data-widget_type=\"tfteam.default\">\n\t\t\t\t<div class=\"elementor-widget-container\">\n\t\t\t\t\t        <div class=\"tf-team style-1\">\n            <div class=\"team-image\">\n                <img decoding=\"async\" src=\"https:\/\/leici.fca.unicamp.br\/wp-content\/uploads\/2025\/07\/Prof-Edmundo-2_adilson.webp\" title=\"Prof Edmundo 2_adilson\" alt=\"Prof Edmundo 2_adilson\" loading=\"lazy\" \/>                <div class=\"image-overlay\"><\/div>\n\n\n\n                \n            <\/div>\n\n            <div class=\"team-content\">\n                                <h5                class=\"team-name\">Edmundo In\u00e1cio Jr<\/h5>\n                                        <div class=\"team-position\">Coordinador<\/div>\n                                <\/div>\n\n        <\/div>\n        \t\t\t\t<\/div>\n\t\t\t\t<\/div>\n\t\t\t\t<div class=\"elementor-element elementor-element-8d4e589 elementor-widget__width-inherit e-grid-align-mobile-left elementor-shape-rounded elementor-grid-0 e-grid-align-center elementor-widget elementor-widget-social-icons\" data-id=\"8d4e589\" data-element_type=\"widget\" data-widget_type=\"social-icons.default\">\n\t\t\t\t<div class=\"elementor-widget-container\">\n\t\t\t\t\t\t\t<div class=\"elementor-social-icons-wrapper elementor-grid\" role=\"list\">\n\t\t\t\t\t\t\t<span class=\"elementor-grid-item\" role=\"listitem\">\n\t\t\t\t\t<a class=\"elementor-icon elementor-social-icon elementor-social-icon-linkedin elementor-animation-pulse elementor-repeater-item-254f110\" href=\"https:\/\/www.linkedin.com\/in\/edmundo-in%C3%A1cio-junior-b4903b40\/\" target=\"_blank\">\n\t\t\t\t\t\t<span class=\"elementor-screen-only\">Linkedin<\/span>\n\t\t\t\t\t\t<i aria-hidden=\"true\" class=\"fab fa-linkedin\"><\/i>\t\t\t\t\t<\/a>\n\t\t\t\t<\/span>\n\t\t\t\t\t\t\t<span class=\"elementor-grid-item\" role=\"listitem\">\n\t\t\t\t\t<a class=\"elementor-icon elementor-social-icon elementor-social-icon-icon-Profile elementor-animation-pulse elementor-repeater-item-6fe05ca\" href=\"https:\/\/bv.fapesp.br\/pt\/pesquisador\/667253\/edmundo-inacio-junior\/\" target=\"_blank\">\n\t\t\t\t\t\t<span class=\"elementor-screen-only\">Icono-perfil<\/span>\n\t\t\t\t\t\t<i aria-hidden=\"true\" class=\"icon icon-Profile\"><\/i>\t\t\t\t\t<\/a>\n\t\t\t\t<\/span>\n\t\t\t\t\t\t\t<span class=\"elementor-grid-item\" role=\"listitem\">\n\t\t\t\t\t<a class=\"elementor-icon elementor-social-icon elementor-social-icon- elementor-animation-pulse elementor-repeater-item-e6b8a24\" href=\"http:\/\/lattes.cnpq.br\/1608673584881629\" target=\"_blank\">\n\t\t\t\t\t\t<span class=\"elementor-screen-only\"><\/span>\n\t\t\t\t\t\t<svg xmlns=\"http:\/\/www.w3.org\/2000\/svg\" xmlns:xlink=\"http:\/\/www.w3.org\/1999\/xlink\" x=\"0px\" y=\"0px\" viewbox=\"0 0 300 300\" style=\"enable-background:new 0 0 300 300;\" xml:space=\"preserve\"><style type=\"text\/css\">\t.st0{fill:#2E3192;}\t.st1{fill:#A6CE39;}\t.st2{fill:#F2F2F2;}<\/style><g id=\"Camada_1\">\t<path class=\"st0\" d=\"M206.3,50.4c4-6.1-95.9-47.9-137.9-5.5c-33.7,34-17.4,110-17.4,110l84.9,15.8c0,0-31.1-66.8-17.1-101.2   C134.7,30.8,202.9,55.6,206.3,50.4z\"><\/path>\t<path class=\"st0\" d=\"M214.4,77.6c6.4-3.5,69.5,63.6,16.7,127.5c-43.5,52.8-137.6,69.6-137.6,69.6L52.3,163c0,0,90.5,25.4,144-4.4   C246.1,131,206.4,82,214.4,77.6z\"><\/path>\t<path class=\"st0\" d=\"M206.4,114.5c0,16.9-18.9,26.7-38.6,24.1c-18.7-2.5-38.6-25.3-38.6-44.2s13.3-21.6,32.1-21.6   S206.4,98.4,206.4,114.5z\"><\/path><\/g><g id=\"Camada_2\"><\/g><\/svg>\t\t\t\t\t<\/a>\n\t\t\t\t<\/span>\n\t\t\t\t\t\t\t<span class=\"elementor-grid-item\" role=\"listitem\">\n\t\t\t\t\t<a class=\"elementor-icon elementor-social-icon elementor-social-icon- elementor-animation-pulse elementor-repeater-item-9180a2e\" href=\"https:\/\/orcid.org\/0000-0003-0137-0778\" target=\"_blank\">\n\t\t\t\t\t\t<span class=\"elementor-screen-only\"><\/span>\n\t\t\t\t\t\t<svg xmlns=\"http:\/\/www.w3.org\/2000\/svg\" xmlns:xlink=\"http:\/\/www.w3.org\/1999\/xlink\" x=\"0px\" y=\"0px\" viewbox=\"0 0 300 300\" style=\"enable-background:new 0 0 300 300;\" xml:space=\"preserve\"><style type=\"text\/css\">\t.st0{fill:#2E3192;}\t.st1{fill:#A6CE39;}\t.st2{fill:#F2F2F2;}<\/style><g id=\"Camada_1\"><\/g><g id=\"Camada_2\">\t<g>\t\t<g>\t\t\t<circle class=\"st1\" cx=\"150\" cy=\"150\" r=\"126.5\"><\/circle>\t\t<\/g>\t\t<g>\t\t\t<path class=\"st2\" d=\"M108.8,83.2c-3,0-5.6-1-7.8-3.1c-2.1-2.1-3.2-4.7-3.2-7.9c0-3.2,1.1-5.9,3.2-8c2.1-2.1,4.7-3.2,7.8-3.2     c3.1,0,5.7,1.1,7.9,3.2c2.2,2.1,3.3,4.8,3.3,8c0,3.1-1.1,5.7-3.3,7.8C114.5,82.1,111.9,83.2,108.8,83.2z M117.1,217h-17V110.3h17     V217z\"><\/path>\t\t\t<g>\t\t\t\t<path class=\"st2\" d=\"M146.3,217V109h29.2c7.2,0,12.7,0.7,16.5,2c4.9,1.7,9.2,4.9,12.8,9.4c3.6,4.6,6.4,10.3,8.4,17.3      s3,15.2,3,24.7c0,12.2-1.7,22.6-5.1,31.1s-7.8,14.6-13.2,18.1s-12.4,5.3-21.1,5.3H146.3z M157.5,204.3h18      c7.3,0,12.8-1.2,16.5-3.7c3.8-2.5,6.6-6.5,8.6-12c2.7-7.3,4-16.1,4-26.3c0-11-1.4-19.6-4.3-25.8s-6.5-10.4-10.9-12.6      c-3-1.4-7.8-2.1-14.3-2.1h-17.7V204.3z\"><\/path>\t\t\t<\/g>\t\t<\/g>\t<\/g><\/g><\/svg>\t\t\t\t\t<\/a>\n\t\t\t\t<\/span>\n\t\t\t\t\t<\/div>\n\t\t\t\t\t\t<\/div>\n\t\t\t\t<\/div>\n\t\t\t\t\t<\/div>\n\t\t<\/div>\n\t\t\t\t<div class=\"elementor-column elementor-col-33 elementor-inner-column elementor-element elementor-element-4030caa2\" data-id=\"4030caa2\" data-element_type=\"column\">\n\t\t\t<div class=\"elementor-widget-wrap elementor-element-populated\">\n\t\t\t\t\t\t<div class=\"elementor-element elementor-element-d4f2926 elementor-widget__width-inherit elementor-widget elementor-widget-tfteam\" data-id=\"d4f2926\" data-element_type=\"widget\" data-widget_type=\"tfteam.default\">\n\t\t\t\t<div class=\"elementor-widget-container\">\n\t\t\t\t\t        <div class=\"tf-team style-1\">\n            <div class=\"team-image\">\n                <img decoding=\"async\" src=\"https:\/\/leici.fca.unicamp.br\/wp-content\/uploads\/2025\/07\/coordenadores_cristiano-morini_webp.webp\" title=\"coordinadores_cristiano-morini_webp\" alt=\"coordinadores_cristiano-morini_webp\" loading=\"lazy\" \/>                <div class=\"image-overlay\"><\/div>\n\n\n\n                \n            <\/div>\n\n            <div class=\"team-content\">\n                                <h5                class=\"team-name\">Cristiano Morini<\/h5>\n                                        <div class=\"team-position\">Coordinador<\/div>\n                                <\/div>\n\n        <\/div>\n        \t\t\t\t<\/div>\n\t\t\t\t<\/div>\n\t\t\t\t<div class=\"elementor-element elementor-element-79954d7 elementor-widget__width-inherit e-grid-align-mobile-left elementor-shape-rounded elementor-grid-0 e-grid-align-center elementor-widget elementor-widget-social-icons\" data-id=\"79954d7\" data-element_type=\"widget\" data-widget_type=\"social-icons.default\">\n\t\t\t\t<div class=\"elementor-widget-container\">\n\t\t\t\t\t\t\t<div class=\"elementor-social-icons-wrapper elementor-grid\" role=\"list\">\n\t\t\t\t\t\t\t<span class=\"elementor-grid-item\" role=\"listitem\">\n\t\t\t\t\t<a class=\"elementor-icon elementor-social-icon elementor-social-icon-linkedin elementor-animation-pulse elementor-repeater-item-254f110\" href=\"https:\/\/www.linkedin.com\/in\/cristiano-morini-2a68ab17\/\" target=\"_blank\">\n\t\t\t\t\t\t<span class=\"elementor-screen-only\">Linkedin<\/span>\n\t\t\t\t\t\t<i aria-hidden=\"true\" class=\"fab fa-linkedin\"><\/i>\t\t\t\t\t<\/a>\n\t\t\t\t<\/span>\n\t\t\t\t\t\t\t<span class=\"elementor-grid-item\" role=\"listitem\">\n\t\t\t\t\t<a class=\"elementor-icon elementor-social-icon elementor-social-icon-icon-Profile elementor-animation-pulse elementor-repeater-item-6fe05ca\" href=\"https:\/\/bv.fapesp.br\/pt\/pesquisador\/172272\/\" target=\"_blank\">\n\t\t\t\t\t\t<span class=\"elementor-screen-only\">Icono-perfil<\/span>\n\t\t\t\t\t\t<i aria-hidden=\"true\" class=\"icon icon-Profile\"><\/i>\t\t\t\t\t<\/a>\n\t\t\t\t<\/span>\n\t\t\t\t\t\t\t<span class=\"elementor-grid-item\" role=\"listitem\">\n\t\t\t\t\t<a class=\"elementor-icon elementor-social-icon elementor-social-icon- elementor-animation-pulse elementor-repeater-item-e6b8a24\" href=\"http:\/\/lattes.cnpq.br\/3528005892616225\" target=\"_blank\">\n\t\t\t\t\t\t<span class=\"elementor-screen-only\"><\/span>\n\t\t\t\t\t\t<svg xmlns=\"http:\/\/www.w3.org\/2000\/svg\" xmlns:xlink=\"http:\/\/www.w3.org\/1999\/xlink\" x=\"0px\" y=\"0px\" viewbox=\"0 0 300 300\" style=\"enable-background:new 0 0 300 300;\" xml:space=\"preserve\"><style type=\"text\/css\">\t.st0{fill:#2E3192;}\t.st1{fill:#A6CE39;}\t.st2{fill:#F2F2F2;}<\/style><g id=\"Camada_1\">\t<path class=\"st0\" d=\"M206.3,50.4c4-6.1-95.9-47.9-137.9-5.5c-33.7,34-17.4,110-17.4,110l84.9,15.8c0,0-31.1-66.8-17.1-101.2   C134.7,30.8,202.9,55.6,206.3,50.4z\"><\/path>\t<path class=\"st0\" d=\"M214.4,77.6c6.4-3.5,69.5,63.6,16.7,127.5c-43.5,52.8-137.6,69.6-137.6,69.6L52.3,163c0,0,90.5,25.4,144-4.4   C246.1,131,206.4,82,214.4,77.6z\"><\/path>\t<path class=\"st0\" d=\"M206.4,114.5c0,16.9-18.9,26.7-38.6,24.1c-18.7-2.5-38.6-25.3-38.6-44.2s13.3-21.6,32.1-21.6   S206.4,98.4,206.4,114.5z\"><\/path><\/g><g id=\"Camada_2\"><\/g><\/svg>\t\t\t\t\t<\/a>\n\t\t\t\t<\/span>\n\t\t\t\t\t\t\t<span class=\"elementor-grid-item\" role=\"listitem\">\n\t\t\t\t\t<a class=\"elementor-icon elementor-social-icon elementor-social-icon- elementor-animation-pulse elementor-repeater-item-9180a2e\" href=\"https:\/\/orcid.org\/0000-0003-2868-3280\" target=\"_blank\">\n\t\t\t\t\t\t<span class=\"elementor-screen-only\"><\/span>\n\t\t\t\t\t\t<svg xmlns=\"http:\/\/www.w3.org\/2000\/svg\" xmlns:xlink=\"http:\/\/www.w3.org\/1999\/xlink\" x=\"0px\" y=\"0px\" viewbox=\"0 0 300 300\" style=\"enable-background:new 0 0 300 300;\" xml:space=\"preserve\"><style type=\"text\/css\">\t.st0{fill:#2E3192;}\t.st1{fill:#A6CE39;}\t.st2{fill:#F2F2F2;}<\/style><g id=\"Camada_1\"><\/g><g id=\"Camada_2\">\t<g>\t\t<g>\t\t\t<circle class=\"st1\" cx=\"150\" cy=\"150\" r=\"126.5\"><\/circle>\t\t<\/g>\t\t<g>\t\t\t<path class=\"st2\" d=\"M108.8,83.2c-3,0-5.6-1-7.8-3.1c-2.1-2.1-3.2-4.7-3.2-7.9c0-3.2,1.1-5.9,3.2-8c2.1-2.1,4.7-3.2,7.8-3.2     c3.1,0,5.7,1.1,7.9,3.2c2.2,2.1,3.3,4.8,3.3,8c0,3.1-1.1,5.7-3.3,7.8C114.5,82.1,111.9,83.2,108.8,83.2z M117.1,217h-17V110.3h17     V217z\"><\/path>\t\t\t<g>\t\t\t\t<path class=\"st2\" d=\"M146.3,217V109h29.2c7.2,0,12.7,0.7,16.5,2c4.9,1.7,9.2,4.9,12.8,9.4c3.6,4.6,6.4,10.3,8.4,17.3      s3,15.2,3,24.7c0,12.2-1.7,22.6-5.1,31.1s-7.8,14.6-13.2,18.1s-12.4,5.3-21.1,5.3H146.3z M157.5,204.3h18      c7.3,0,12.8-1.2,16.5-3.7c3.8-2.5,6.6-6.5,8.6-12c2.7-7.3,4-16.1,4-26.3c0-11-1.4-19.6-4.3-25.8s-6.5-10.4-10.9-12.6      c-3-1.4-7.8-2.1-14.3-2.1h-17.7V204.3z\"><\/path>\t\t\t<\/g>\t\t<\/g>\t<\/g><\/g><\/svg>\t\t\t\t\t<\/a>\n\t\t\t\t<\/span>\n\t\t\t\t\t<\/div>\n\t\t\t\t\t\t<\/div>\n\t\t\t\t<\/div>\n\t\t\t\t\t<\/div>\n\t\t<\/div>\n\t\t\t\t\t<\/div>\n\t\t<\/section>\n\t\t\t\t\t<\/div>\n\t\t<\/div>\n\t\t\t\t\t<\/div>\n\t\t<\/section>\n\t\t\t\t<\/div>","protected":false},"excerpt":{"rendered":"<p>Coordena\u00e7\u00e3o do LEICI Liderados pelos professores Cristiano Morini e Edmundo In\u00e1cio J\u00fanior, o [&hellip;]<\/p>","protected":false},"author":1,"featured_media":0,"parent":0,"menu_order":0,"comment_status":"closed","ping_status":"closed","template":"","meta":{"inline_featured_image":false,"footnotes":""},"class_list":["post-262","page","type-page","status-publish","hentry"],"aioseo_notices":[],"_links":{"self":[{"href":"https:\/\/leici.fca.unicamp.br\/es\/wp-json\/wp\/v2\/pages\/262","targetHints":{"allow":["GET"]}}],"collection":[{"href":"https:\/\/leici.fca.unicamp.br\/es\/wp-json\/wp\/v2\/pages"}],"about":[{"href":"https:\/\/leici.fca.unicamp.br\/es\/wp-json\/wp\/v2\/types\/page"}],"author":[{"embeddable":true,"href":"https:\/\/leici.fca.unicamp.br\/es\/wp-json\/wp\/v2\/users\/1"}],"replies":[{"embeddable":true,"href":"https:\/\/leici.fca.unicamp.br\/es\/wp-json\/wp\/v2\/comments?post=262"}],"version-history":[{"count":0,"href":"https:\/\/leici.fca.unicamp.br\/es\/wp-json\/wp\/v2\/pages\/262\/revisions"}],"wp:attachment":[{"href":"https:\/\/leici.fca.unicamp.br\/es\/wp-json\/wp\/v2\/media?parent=262"}],"curies":[{"name":"wp","href":"https:\/\/api.w.org\/{rel}","templated":true}]}}